{"id":314,"date":"2025-04-23T00:25:14","date_gmt":"2025-04-22T22:25:14","guid":{"rendered":"https:\/\/www.laclefauxchamps.com\/?page_id=314"},"modified":"2026-03-20T10:40:58","modified_gmt":"2026-03-20T09:40:58","slug":"nos-partenaires","status":"publish","type":"page","link":"https:\/\/www.laclefauxchamps.com\/index.php\/nos-partenaires\/","title":{"rendered":"Nos partenaires"},"content":{"rendered":"\n<p>Plusieurs collectivit\u00e9s territoriales tiennent \u00e0 maintenir et d\u00e9velopper les actions culturelles sur leur secteur. Elles appr\u00e9cient nos concerts et nous apportent leur soutien financier.<br>Nous tenons \u00e0 remercier particuli\u00e8rement :<\/p>\n\n\n\n<ul class=\"wp-block-list\">\n<li><a href=\"https:\/\/www.sarthe.fr\/\">Le Conseil d\u00e9partemental de la Sarthe<\/a><\/li>\n\n\n\n<li><a href=\"https:\/\/chahaignes.fr\/vie-communale\/communaute-de-communes\/\">Les communes de <\/a>\n<ul class=\"wp-block-list\">\n<li><a href=\"https:\/\/www.laclefauxchamps.com\/index.php\/nos-partenaires\/\" data-type=\"page\" data-id=\"314\">Chahaignes<\/a><\/li>\n\n\n\n<li><a href=\"https:\/\/www.loirenvallee.fr\/\">Loir en Vall\u00e9e<\/a><\/li>\n\n\n\n<li><a href=\"https:\/\/www.mairie-marcon.fr\/\">Mar\u00e7on<\/a><\/li>\n\n\n\n<li><a href=\"https:\/\/www.lhomme-72.fr\/\">Lhomme<\/a><\/li>\n<\/ul>\n<\/li>\n<\/ul>\n\n\n\n<p>Des entreprises locales nous soutiennent tout au long de l\u2019ann\u00e9e :<\/p>\n\n\n\n<ul class=\"wp-block-list\">\n<li><a href=\"https:\/\/www.e.leclerc\/mag\/e-leclerc-montval-sur-loir\">Le Centre Leclerc de Montval sur Loir<\/a><\/li>\n\n\n\n<li><a href=\"https:\/\/www.glinche-automobiles.com\/\">Glinche automobiles d\u2019Ecommoy<\/a><\/li>\n\n\n\n<li><a href=\"https:\/\/www.audilab.fr\/centre\/audioprothesiste-chateau-du-loir\/\">Audilab de Montval sur Loir<\/a><\/li>\n\n\n\n<li><a href=\"https:\/\/www.e.leclerc\/mag\/e-leclerc-montval-sur-loir\">Le Cr\u00e9dit agricole Anjou Maine<\/a><\/li>\n<\/ul>\n\n\n\n<p>Leur logo figure sur nos affiches.<\/p>\n\n\n\n<p>De plus, \u00e0 l&rsquo;occasion d&rsquo;un concert organis\u00e9 dans une commune, les entreprises, artisans, commer\u00e7ants locaux sont sollicit\u00e9s. <br>Ceux qui nous r\u00e9pondent favorablement et nous soutiennent figurent alors sur nos programmes remis au d\u00e9but de nos concerts.<\/p>\n","protected":false},"excerpt":{"rendered":"<p>Plusieurs collectivit\u00e9s territoriales tiennent \u00e0 maintenir et d\u00e9velopper les actions culturelles sur leur secteur. Elles appr\u00e9cient nos concerts et nous apportent leur soutien financier.Nous tenons \u00e0 remercier particuli\u00e8rement : Des entreprises locales nous soutiennent tout au long de l\u2019ann\u00e9e : Leur logo figure sur nos affiches. De plus, \u00e0 l&rsquo;occasion d&rsquo;un concert organis\u00e9 dans une [&hellip;]<\/p>\n","protected":false},"author":1,"featured_media":0,"parent":0,"menu_order":0,"comment_status":"closed","ping_status":"closed","template":"","meta":{"_themeisle_gutenberg_block_has_review":false,"footnotes":""},"class_list":["post-314","page","type-page","status-publish","hentry"],"_links":{"self":[{"href":"https:\/\/www.laclefauxchamps.com\/index.php\/wp-json\/wp\/v2\/pages\/314","targetHints":{"allow":["GET"]}}],"collection":[{"href":"https:\/\/www.laclefauxchamps.com\/index.php\/wp-json\/wp\/v2\/pages"}],"about":[{"href":"https:\/\/www.laclefauxchamps.com\/index.php\/wp-json\/wp\/v2\/types\/page"}],"author":[{"embeddable":true,"href":"https:\/\/www.laclefauxchamps.com\/index.php\/wp-json\/wp\/v2\/users\/1"}],"replies":[{"embeddable":true,"href":"https:\/\/www.laclefauxchamps.com\/index.php\/wp-json\/wp\/v2\/comments?post=314"}],"version-history":[{"count":4,"href":"https:\/\/www.laclefauxchamps.com\/index.php\/wp-json\/wp\/v2\/pages\/314\/revisions"}],"predecessor-version":[{"id":522,"href":"https:\/\/www.laclefauxchamps.com\/index.php\/wp-json\/wp\/v2\/pages\/314\/revisions\/522"}],"wp:attachment":[{"href":"https:\/\/www.laclefauxchamps.com\/index.php\/wp-json\/wp\/v2\/media?parent=314"}],"curies":[{"name":"wp","href":"https:\/\/api.w.org\/{rel}","templated":true}]}}