{"id":310,"date":"2025-04-23T00:16:24","date_gmt":"2025-04-22T22:16:24","guid":{"rendered":"https:\/\/www.laclefauxchamps.com\/?page_id=310"},"modified":"2026-01-23T16:28:42","modified_gmt":"2026-01-23T15:28:42","slug":"les-amis","status":"publish","type":"page","link":"https:\/\/www.laclefauxchamps.com\/index.php\/les-amis\/","title":{"rendered":"Les amis de la Clef aux Champs"},"content":{"rendered":"\n<p>Depuis 2008, nous proposons aux personnes qui appr\u00e9cient nos concerts et qui d\u00e9sirent<br>nous soutenir et soutenir le chant choral, de devenir \u00ab Amis de la Clef aux Champs \u00bb.<br>Une carte annuelle leur est d\u00e9livr\u00e9e.<br>Elle donne <strong>acc\u00e8s gratuitement<\/strong> \u00e0 tous les concerts que nous organisons, pour un <strong>don \u00e0<br>partir de <\/strong>20\u20ac.<\/p>\n\n\n\n<p>Nos r\u00e9p\u00e9titions leur sont ouvertes, leur permettant de mieux nous conna\u00eetre et de<br>comprendre comment nous travaillons. Nous tenons \u00e0 entendre les suggestions,<br>remarques et souhaits de celles et ceux qui nous sont fid\u00e8les.<\/p>\n\n\n\n<div class=\"wp-block-group has-ti-fg-color has-ti-bg-alt-background-color has-text-color has-background has-link-color wp-elements-ac21364b259ad2c7ba9fd4258d902b46 is-layout-constrained wp-block-group-is-layout-constrained\" style=\"border-radius:16px\">\n<h2 class=\"wp-block-heading\">Bulletin d&rsquo;adh\u00e9sion<\/h2>\n\n\n\n<div id=\"wp-block-themeisle-blocks-form-62363d48\" class=\"wp-block-themeisle-blocks-form\" data-option-name=\"bf9b28ff82ce323187abc5d0feb0d8f07ecd8436_62363d48\"><form class=\"otter-form__container\">\n<div id=\"wp-block-themeisle-blocks-form-input-64459a78\" class=\"wp-block-themeisle-blocks-form-input\"><label for=\"wp-block-themeisle-blocks-form-input-64459a78-input\" class=\"otter-form-input-label\"><span class=\"otter-form-input-label__label\">NOM<\/span><span class=\"required\">*<\/span><\/label><input type=\"text\" id=\"wp-block-themeisle-blocks-form-input-64459a78-input\" required class=\"otter-form-input\"\/><\/div>\n\n\n\n<div id=\"wp-block-themeisle-blocks-form-input-931ab266\" class=\"wp-block-themeisle-blocks-form-input\"><label for=\"wp-block-themeisle-blocks-form-input-931ab266-input\" class=\"otter-form-input-label\"><span class=\"otter-form-input-label__label\">Pr\u00e9nom<\/span><span class=\"required\">*<\/span><\/label><input type=\"email\" id=\"wp-block-themeisle-blocks-form-input-931ab266-input\" required class=\"otter-form-input\"\/><\/div>\n\n\n<div class=\"protection\" aria-hidden=\"true\"><input type=\"hidden\" id=\"wp-block-themeisle-blocks-form-62363d48_nonce_field\" name=\"wp-block-themeisle-blocks-form-62363d48_nonce_field\" value=\"4f6ea5406a\" \/><input type=\"hidden\" name=\"_wp_http_referer\" value=\"\/index.php\/wp-json\/wp\/v2\/pages\/310\" \/><input class=\"o-anti-bot\" type=\"checkbox\"><\/div>\n\n\n<div id=\"wp-block-themeisle-blocks-form-input-7752eb19\" class=\"wp-block-themeisle-blocks-form-input\"><label for=\"wp-block-themeisle-blocks-form-input-7752eb19-input\" class=\"otter-form-input-label\"><span class=\"otter-form-input-label__label\">Adresse<\/span><span class=\"required\">*<\/span><\/label><input type=\"email\" id=\"wp-block-themeisle-blocks-form-input-7752eb19-input\" required class=\"otter-form-input\"\/><\/div>\n\n\n\n<div id=\"wp-block-themeisle-blocks-form-input-d5520ef3\" class=\"wp-block-themeisle-blocks-form-input\"><label for=\"wp-block-themeisle-blocks-form-input-d5520ef3-input\" class=\"otter-form-input-label\"><span class=\"otter-form-input-label__label\">T\u00e9l<\/span><span class=\"required\">*<\/span><\/label><input type=\"email\" id=\"wp-block-themeisle-blocks-form-input-d5520ef3-input\" required class=\"otter-form-input\"\/><\/div>\n\n\n\n<div id=\"wp-block-themeisle-blocks-form-input-6b763740\" class=\"wp-block-themeisle-blocks-form-input\"><label for=\"wp-block-themeisle-blocks-form-input-6b763740-input\" class=\"otter-form-input-label\"><span class=\"otter-form-input-label__label\">Courriel<\/span><span class=\"required\">*<\/span><\/label><input type=\"email\" id=\"wp-block-themeisle-blocks-form-input-6b763740-input\" required class=\"otter-form-input\"\/><\/div>\n<div class=\"wp-block-button\"><button class=\"wp-block-button__link\" type=\"submit\">Envoyer<\/button><\/div><\/form><\/div>\n<\/div>\n","protected":false},"excerpt":{"rendered":"<p>Depuis 2008, nous proposons aux personnes qui appr\u00e9cient nos concerts et qui d\u00e9sirentnous soutenir et soutenir le chant choral, de devenir \u00ab Amis de la Clef aux Champs \u00bb.Une carte annuelle leur est d\u00e9livr\u00e9e.Elle donne acc\u00e8s gratuitement \u00e0 tous les concerts que nous organisons, pour un don \u00e0partir de 20\u20ac. Nos r\u00e9p\u00e9titions leur sont ouvertes, [&hellip;]<\/p>\n","protected":false},"author":1,"featured_media":0,"parent":0,"menu_order":0,"comment_status":"closed","ping_status":"closed","template":"","meta":{"_themeisle_gutenberg_block_has_review":false,"footnotes":""},"class_list":["post-310","page","type-page","status-publish","hentry"],"_links":{"self":[{"href":"https:\/\/www.laclefauxchamps.com\/index.php\/wp-json\/wp\/v2\/pages\/310","targetHints":{"allow":["GET"]}}],"collection":[{"href":"https:\/\/www.laclefauxchamps.com\/index.php\/wp-json\/wp\/v2\/pages"}],"about":[{"href":"https:\/\/www.laclefauxchamps.com\/index.php\/wp-json\/wp\/v2\/types\/page"}],"author":[{"embeddable":true,"href":"https:\/\/www.laclefauxchamps.com\/index.php\/wp-json\/wp\/v2\/users\/1"}],"replies":[{"embeddable":true,"href":"https:\/\/www.laclefauxchamps.com\/index.php\/wp-json\/wp\/v2\/comments?post=310"}],"version-history":[{"count":6,"href":"https:\/\/www.laclefauxchamps.com\/index.php\/wp-json\/wp\/v2\/pages\/310\/revisions"}],"predecessor-version":[{"id":511,"href":"https:\/\/www.laclefauxchamps.com\/index.php\/wp-json\/wp\/v2\/pages\/310\/revisions\/511"}],"wp:attachment":[{"href":"https:\/\/www.laclefauxchamps.com\/index.php\/wp-json\/wp\/v2\/media?parent=310"}],"curies":[{"name":"wp","href":"https:\/\/api.w.org\/{rel}","templated":true}]}}