{"id":304,"date":"2025-04-23T00:08:11","date_gmt":"2025-04-22T22:08:11","guid":{"rendered":"https:\/\/www.laclefauxchamps.com\/?page_id=304"},"modified":"2025-11-27T11:07:00","modified_gmt":"2025-11-27T10:07:00","slug":"la-cheffe-de-choeur","status":"publish","type":"page","link":"https:\/\/www.laclefauxchamps.com\/index.php\/la-cheffe-de-choeur\/","title":{"rendered":"La cheffe de Ch\u0153ur"},"content":{"rendered":"\n<p>Depuis sa cr\u00e9ation en octobre 1999, la chorale est dirig\u00e9e par Katherine Tewson. Elle y insuffle son \u00e9nergie et son enthousiasme, elle nous transmet son amour de la musique.<\/p>\n\n\n\n<p>Premier prix de clarinette et de fl\u00fbte \u00e0 bec, dipl\u00f4me de r\u00e9cital et d&rsquo;enseignement de la Royal Academy of Music \u00e0 Londres, elle fut concertiste et professeur de clarinette, de fl\u00fbte \u00e0 bec et de musique de chambre \u00e0 Londres pendant 22 ans. Install\u00e9e en France depuis 1998, elle a enseign\u00e9 la clarinette, la fl\u00fbte \u00e0 bec et la musique d&rsquo;ensemble \u00e0 l&rsquo;\u00e9cole de musique Loir-Luc\u00e9-Berc\u00e9 jusqu\u2019\u00e0 sa retraite en 2021.<\/p>\n\n\n\n<p>Jusqu&rsquo;en 2015, la chorale \u00e9tait accompagn\u00e9e au piano et \u00e0 l\u2019orgue par Brian Tewson, son \u00e9poux. \u00c9galement musicien professionnel, 1er prix d\u2019orgue et de piano de La Royal Academy of Music \u00e0 Londres, Brian est d\u00e9c\u00e9d\u00e9 en mars 2015. <br>Soucieux comme Katherine de nous faire progresser, il a fortement contribu\u00e9 \u00e0 l&rsquo;\u00e9volution de la chorale, gr\u00e2ce \u00e0 ses arrangements adapt\u00e9s \u00e0 nos voix, nous demandant \u00e0 chaque fois un peu plus\u2026 <br>Il nous a ainsi permis d&rsquo;acc\u00e9der \u00e0 un r\u00e9pertoire tr\u00e8s large, incluant quelques-unes de ses \u0153uvres originales.<\/p>\n\n\n\n<p>Chaque ann\u00e9e, Katherine Tewson propose un r\u00e9pertoire toujours en \u00e9volution, volontairement tr\u00e8s vari\u00e9, allant de la Renaissance \u00e0 nos jours. Elle nous permet ainsi de d\u00e9couvrir des compositeurs et des \u00e9poques tr\u00e8s divers, dans les langues d\u2019origine : anglais, latin, italien, allemand, japonais, serbe, espagnol\u2026<\/p>\n\n\n\n<p>Nous \u00e9largissons ainsi nos horizons.<\/p>\n\n\n\n<figure class=\"wp-block-image aligncenter size-large\"><img loading=\"lazy\" decoding=\"async\" width=\"1024\" height=\"683\" src=\"https:\/\/www.laclefauxchamps.com\/wp-content\/uploads\/2025\/04\/Katherine-1024x683.png\" alt=\"\" class=\"wp-image-305\" srcset=\"https:\/\/www.laclefauxchamps.com\/wp-content\/uploads\/2025\/04\/Katherine-1024x683.png 1024w, https:\/\/www.laclefauxchamps.com\/wp-content\/uploads\/2025\/04\/Katherine-300x200.png 300w, https:\/\/www.laclefauxchamps.com\/wp-content\/uploads\/2025\/04\/Katherine-768x512.png 768w, https:\/\/www.laclefauxchamps.com\/wp-content\/uploads\/2025\/04\/Katherine-1536x1024.png 1536w, https:\/\/www.laclefauxchamps.com\/wp-content\/uploads\/2025\/04\/Katherine.png 1920w\" sizes=\"auto, (max-width: 1024px) 100vw, 1024px\" \/><\/figure>\n\n\n\n<p><\/p>\n\n\n\n<p class=\"has-text-align-center\"><\/p>\n\n\n\n<h1 class=\"wp-block-heading has-text-align-center\">Le pianiste<\/h1>\n\n\n\n<p><\/p>\n\n\n\n<p>Depuis septembre 2025, nous sommes accompagn\u00e9s au piano par Philippe Bataille. <\/p>\n\n\n\n<p>Philippe Bataille est originaire de la Chartre sur le loir. <br>Fils, petit-fils et arri\u00e8re petit-fils de meunier.<\/p>\n\n\n\n<p>Apr\u00e8s des \u00e9tudes de piano au conservatoire du Mans et un d\u00e9m\u00e9nagement, il commence l&rsquo;orgue avec F\u00e9lix Moreau, organiste de la cath\u00e9drale de Nantes. Il poursuit sa formation avec Gaston Litaize au conservatoire de Saint Maur des Foss\u00e9s&nbsp;et obtient un&nbsp;1er prix d&rsquo;orgue en 1987. De 1989 \u00e0 1993, il se perfectionne avec Marie-Claire Alain au conservatoire de Rueil-Malmaison et y obtient trois 1ers prix. <br>Titulaire du dipl\u00f4me d&rsquo;Etat, il enseigne la formation musicale successivement aux&nbsp;conservatoires&nbsp;du Mans,&nbsp;d&rsquo;Orl\u00e9ans, et depuis septembre 2025, \u00e0 celui de Blois.<\/p>\n\n\n\n<p><\/p>\n\n\n\n<figure class=\"wp-block-image size-large is-resized\"><img loading=\"lazy\" decoding=\"async\" width=\"983\" height=\"1024\" src=\"https:\/\/www.laclefauxchamps.com\/wp-content\/uploads\/2025\/11\/09CAB3EF-246F-46FC-AC76-1F2D4008F5DD_1_201_a-983x1024.jpeg\" alt=\"\" class=\"wp-image-483\" style=\"width:431px;height:auto\" srcset=\"https:\/\/www.laclefauxchamps.com\/wp-content\/uploads\/2025\/11\/09CAB3EF-246F-46FC-AC76-1F2D4008F5DD_1_201_a-983x1024.jpeg 983w, https:\/\/www.laclefauxchamps.com\/wp-content\/uploads\/2025\/11\/09CAB3EF-246F-46FC-AC76-1F2D4008F5DD_1_201_a-288x300.jpeg 288w, https:\/\/www.laclefauxchamps.com\/wp-content\/uploads\/2025\/11\/09CAB3EF-246F-46FC-AC76-1F2D4008F5DD_1_201_a-768x800.jpeg 768w, https:\/\/www.laclefauxchamps.com\/wp-content\/uploads\/2025\/11\/09CAB3EF-246F-46FC-AC76-1F2D4008F5DD_1_201_a-1474x1536.jpeg 1474w, https:\/\/www.laclefauxchamps.com\/wp-content\/uploads\/2025\/11\/09CAB3EF-246F-46FC-AC76-1F2D4008F5DD_1_201_a.jpeg 1619w\" sizes=\"auto, (max-width: 983px) 100vw, 983px\" \/><\/figure>\n\n\n\n<p>Il enseigne l&rsquo;orgue \u00e0 l&rsquo;\u00e9cole communautaire d&rsquo;Or\u00e9e Berc\u00e9 Belinois et \u00e0 Fondettes.<br>Il est organiste de la basilique St Martin de Tours.<\/p>\n\n\n\n<p><\/p>\n\n\n\n<p><\/p>\n","protected":false},"excerpt":{"rendered":"<p>Depuis sa cr\u00e9ation en octobre 1999, la chorale est dirig\u00e9e par Katherine Tewson. Elle y insuffle son \u00e9nergie et son enthousiasme, elle nous transmet son amour de la musique. Premier prix de clarinette et de fl\u00fbte \u00e0 bec, dipl\u00f4me de r\u00e9cital et d&rsquo;enseignement de la Royal Academy of Music \u00e0 Londres, elle fut concertiste et [&hellip;]<\/p>\n","protected":false},"author":1,"featured_media":0,"parent":0,"menu_order":0,"comment_status":"closed","ping_status":"closed","template":"","meta":{"_themeisle_gutenberg_block_has_review":false,"footnotes":""},"class_list":["post-304","page","type-page","status-publish","hentry"],"_links":{"self":[{"href":"https:\/\/www.laclefauxchamps.com\/index.php\/wp-json\/wp\/v2\/pages\/304","targetHints":{"allow":["GET"]}}],"collection":[{"href":"https:\/\/www.laclefauxchamps.com\/index.php\/wp-json\/wp\/v2\/pages"}],"about":[{"href":"https:\/\/www.laclefauxchamps.com\/index.php\/wp-json\/wp\/v2\/types\/page"}],"author":[{"embeddable":true,"href":"https:\/\/www.laclefauxchamps.com\/index.php\/wp-json\/wp\/v2\/users\/1"}],"replies":[{"embeddable":true,"href":"https:\/\/www.laclefauxchamps.com\/index.php\/wp-json\/wp\/v2\/comments?post=304"}],"version-history":[{"count":15,"href":"https:\/\/www.laclefauxchamps.com\/index.php\/wp-json\/wp\/v2\/pages\/304\/revisions"}],"predecessor-version":[{"id":488,"href":"https:\/\/www.laclefauxchamps.com\/index.php\/wp-json\/wp\/v2\/pages\/304\/revisions\/488"}],"wp:attachment":[{"href":"https:\/\/www.laclefauxchamps.com\/index.php\/wp-json\/wp\/v2\/media?parent=304"}],"curies":[{"name":"wp","href":"https:\/\/api.w.org\/{rel}","templated":true}]}}