{"id":301,"date":"2025-04-22T23:41:16","date_gmt":"2025-04-22T21:41:16","guid":{"rendered":"https:\/\/www.laclefauxchamps.com\/?page_id=301"},"modified":"2026-01-06T18:38:49","modified_gmt":"2026-01-06T17:38:49","slug":"notre-repertoire","status":"publish","type":"page","link":"https:\/\/www.laclefauxchamps.com\/index.php\/notre-repertoire\/","title":{"rendered":"Notre r\u00e9pertoire"},"content":{"rendered":"\n<p>Il est volontairement tr\u00e8s vari\u00e9, permettant de visiter les \u00e9poques, les styles et les pays . . .<br>En voici un aper\u00e7u :<\/p>\n\n\n\n<h2 class=\"wp-block-heading\">Renaissance<\/h2>\n\n\n\n<figure class=\"wp-block-table is-style-regular\" style=\"line-height:1\"><table class=\"has-fixed-layout\" style=\"border-style:none;border-width:0px\"><tbody><tr><td>Giovanni Croce<\/td><td>Cantate Domino<\/td><\/tr><tr><td>Tom\u00e0s Luis de Victoria<\/td><td>O vos omnes<\/td><\/tr><tr><td>Hans Leo Hassler<\/td><td>Dixit Maria<\/td><\/tr><tr><td>Antonio Scandella<\/td><td>Bonzorno Madonna<\/td><\/tr><tr><td>Jan Campanus Vodnansky<\/td><td>Rorando coeli (double ch\u0153ur)<\/td><\/tr><tr><td>Jacob Handl<\/td><td>Duo seraphim (double ch\u0153ur)<\/td><\/tr><\/tbody><\/table><\/figure>\n\n\n\n<p><em><strong>En 2024 pour le 500\u00e8me anniversaire de la naissance de Ronsard<\/strong><\/em><\/p>\n\n\n\n<figure class=\"wp-block-table is-style-regular\" style=\"line-height:1\"><table class=\"has-fixed-layout\" style=\"border-style:none;border-width:0px\"><tbody><tr><td>Roland de Lassus<\/td><td>Bonjour mon c\u0153ur<br>Mon c\u0153ur se recommande \u00e0 vous<\/td><\/tr><tr><td>Guillaume Costeley<\/td><td>Mignonne, allons voir si la rose<br>La terre les eaux va buvant<\/td><\/tr><tr><td>Brian Tewson<\/td><td>Mignonne, allons voir si la rose (2011)<br>Bonjour mon c\u0153ur (2012)<br>Quand ce beau printemps je vois (2013)<\/td><\/tr><\/tbody><\/table><\/figure>\n\n\n\n<h2 class=\"wp-block-heading\">Baroque<\/h2>\n\n\n\n<figure class=\"wp-block-table is-style-regular\" style=\"line-height:1\"><table class=\"has-fixed-layout\" style=\"border-style:none;border-width:0px\"><tbody><tr><td>Jean-Philippe Rameau<\/td><td>La nuit, Hymne au soleil<\/td><\/tr><tr><td>Antonio Vivaldi<\/td><td>Gloria<\/td><\/tr><tr><td>Jean Sebastien Bach<\/td><td>Schafe k\u00f6nnen sicher weiden<\/td><\/tr><tr><td>George Frideric Handel<\/td><td>Hallelujah, Lascia ch\u2019io pianga<\/td><\/tr><tr><td>Andr\u00e9 Campra<\/td><td>Charmant papillon<\/td><\/tr><\/tbody><\/table><\/figure>\n\n\n\n<h2 class=\"wp-block-heading\">Classique<\/h2>\n\n\n\n<figure class=\"wp-block-table is-style-regular\" style=\"line-height:1\"><table class=\"has-fixed-layout\" style=\"border-style:none;border-width:0px\"><tbody><tr><td>Mozart<\/td><td>Oiseaux, si tous les ans<br>L\u00e0 ci darem la mano<\/td><\/tr><tr><td>Beethoven<\/td><td>Ich liebe dich<\/td><\/tr><tr><td>Franz Schubert<\/td><td>La S\u00e9r\u00e9nade, Hymne \u00e0 la musique<\/td><\/tr><\/tbody><\/table><\/figure>\n\n\n\n<h2 class=\"wp-block-heading\">Romantique<\/h2>\n\n\n\n<figure class=\"wp-block-table is-style-regular\" style=\"line-height:1\"><table class=\"has-fixed-layout\" style=\"border-style:none;border-width:0px\"><tbody><tr><td>Johannes Brahms<\/td><td>Liebeslieder waltzer no 9 et 15<br>Waldesnacht<\/td><\/tr><tr><td>Camille Saint-Sa\u00ebns<\/td><td>Calme des nuits, Les fleurs et les arbres<br>Des pas dans l\u2019all\u00e9e<\/td><\/tr><tr><td>Jules Massenet<\/td><td>Nuit d\u2019Espagne, Ch\u00e8res fleurs<\/td><\/tr><tr><td>Leo Delibes<\/td><td>Avril<\/td><\/tr><tr><td>Gabriel Faur\u00e9<\/td><td>Madrigal, Le cantique de Jean Racine<br>Lydia, Dans les ruines d\u2019une abbaye<br>Les matelots<\/td><\/tr><tr><td>Charles Gounod<\/td><td>S\u00e9r\u00e9nade, O\u00f9 voulez-vous aller ?<\/td><\/tr><tr><td>Paul-Egide Martini<\/td><td>Plaisir d\u2019amour<\/td><\/tr><\/tbody><\/table><\/figure>\n\n\n\n<h2 class=\"wp-block-heading\">20\u00e8me si\u00e8cle<\/h2>\n\n\n\n<figure class=\"wp-block-table is-style-regular\" style=\"line-height:1\"><table class=\"has-fixed-layout\" style=\"border-style:none;border-width:0px\"><tbody><tr><td>Ralph Vaughan Williams<\/td><td>Linden Lea<\/td><\/tr><tr><td>Joseph Canteloube<\/td><td>Chansons d\u2019Auvergne<\/td><\/tr><tr><td>Edward Elgar<\/td><td>Stabat Mater<\/td><\/tr><tr><td>Francis Poulenc<\/td><td>8 Chansons fran\u00e7aises<\/td><\/tr><tr><td>Lionel Daumas<\/td><td>Le pont Mirabeau<\/td><\/tr><tr><td>Jacques Ibert<\/td><td>Les fleurs des champs<\/td><\/tr><tr><td>Karl Jenkins<\/td><td>Adiemus, Sanctus<\/td><\/tr><tr><td>Henri Salvador<\/td><td>Syracuse<\/td><\/tr><tr><td>Michel Fugain<\/td><td>Bravo Monsieur le Monde<\/td><\/tr><tr><td>Lennon and McCartney<\/td><td>Michelle, Blackbird<\/td><\/tr><tr><td>G. M. Sumner (Sting)<\/td><td>Fields of gold<\/td><\/tr><tr><td>Cosma\/J. Pr\u00e9vert<\/td><td>Les feuilles mortes<\/td><\/tr><tr><td>Jacques Brel<\/td><td>Les pieds dans le ruisseau<\/td><\/tr><tr><td>M. Thiriet\/ J. Pr\u00e9vert<\/td><td>D\u00e9mons et merveilles<\/td><\/tr><tr><td>Andrew Lloyd Webber<\/td><td>Memory<\/td><\/tr><tr><td>Lorenz Maierhofer<\/td><td>Cantemus, Un poquito samba<\/td><\/tr><tr><td>George Gershwin<\/td><td>I got rhythm, Summertime<\/td><\/tr><tr><td>Hoagy Carmichael<\/td><td>Georgia on my mind<\/td><\/tr><\/tbody><\/table><\/figure>\n\n\n\n<h2 class=\"wp-block-heading\">Gospel<\/h2>\n\n\n\n<figure class=\"wp-block-table is-style-regular\" style=\"line-height:1\"><table class=\"has-fixed-layout\" style=\"border-style:none;border-width:0px\"><tbody><tr><td><\/td><td>Steal away<\/td><\/tr><tr><td><\/td><td>Down by the riverside<\/td><\/tr><tr><td><\/td><td>Joshua fight the balle of Jericho<\/td><\/tr><tr><td><\/td><td>Amazing Grace<\/td><\/tr><tr><td><\/td><td>Lean on me<\/td><\/tr><tr><td><\/td><td>Kumbayah<\/td><\/tr><tr><td><\/td><td>This train<\/td><\/tr><\/tbody><\/table><\/figure>\n\n\n\n<h2 class=\"wp-block-heading\">Musique du monde<\/h2>\n\n\n\n<figure class=\"wp-block-table is-style-regular\" style=\"line-height:1\"><table class=\"has-fixed-layout\" style=\"border-style:none;border-width:0px\"><tbody><tr><td>Pompallier\/Maierhofer<\/td><td>Mo Maria (chant Maori)<\/td><\/tr><tr><td>Tina Harrington<\/td><td>Sano Duso, Ajide Jano (trad. serbe)<\/td><\/tr><tr><td>Chanson populaire de Bulgarie<\/td><td>Posakala mila mama<\/td><\/tr><tr><td>Jean Kleeb<\/td><td>Encontros do Brazil<\/td><\/tr><tr><td>Victor C. Johnson<\/td><td>Kuimba<\/td><\/tr><tr><td>Ruth Morris Gray<\/td><td>Hisakata no<\/td><\/tr><tr><td>Lorenz Maierhofer<\/td><td>The River is flowing<\/td><\/tr><\/tbody><\/table><\/figure>\n\n\n\n<h2 class=\"wp-block-heading\">21\u00e8me si\u00e8cle<\/h2>\n\n\n\n<figure class=\"wp-block-table is-style-regular\" style=\"line-height:1\"><table class=\"has-fixed-layout\" style=\"border-style:none;border-width:0px\"><tbody><tr><td>Markus Detterbeck<\/td><td>African Noel<\/td><\/tr><tr><td>Jay Althouse<\/td><td>Gloria in excelsis Deo, Cantar!<\/td><\/tr><tr><td><\/td><td><\/td><\/tr><tr><td>Mary Lynn Lightfoot<\/td><td>The river sleeps beneath the sky<\/td><\/tr><tr><td>Ola Gjeilo<\/td><td>Autumn<\/td><\/tr><\/tbody><\/table><\/figure>\n\n\n\n<div class=\"wp-block-group has-ti-fg-color has-ti-bg-alt-background-color has-text-color has-background has-link-color wp-elements-9eb5a44a0a7a38767ff2054ead175297 is-layout-constrained wp-block-group-is-layout-constrained\" style=\"border-radius:16px\">\n<h2 class=\"wp-block-heading\">R\u00e9pertoire 2026 : <br>                              <em>Chantons la nature!<\/em><\/h2>\n\n\n\n<figure class=\"wp-block-table is-style-regular\" style=\"line-height:1\"><table class=\"has-fixed-layout\" style=\"border-style:none;border-width:0px\"><tbody><tr><td>Lorenz Maierhofer<\/td><td>Cantemus<\/td><\/tr><tr><td>Alwin M. Schoren<\/td><td>Sanctus-Meditation<\/td><\/tr><tr><td>Gabriel Faur\u00e9<\/td><td>Maria, mater gratiae<br>Benedictus<\/td><\/tr><tr><td>John Liptrot Hatton<\/td><td>Stars of a summer night<\/td><\/tr><tr><td>Camille Saint-Sa\u00ebns<\/td><td>Calme des nuits<br>Les fleurs et les arbres<\/td><\/tr><tr><td>Edward A. MacDowell<\/td><td>The brook (le ruisseau)<\/td><\/tr><tr><td>Viktor Kalinnikov<\/td><td>Zima ( hiver)<\/td><\/tr><tr><td>Jacques Mauduit<\/td><td>Voici le vert et beau mai<\/td><\/tr><tr><td>Jacques Ibert<\/td><td>Les fleurs des champs<\/td><\/tr><tr><td>Katherine Tewson<\/td><td>Au bord du Cher<br>Pays de volcans<\/td><\/tr><tr><td>Mary Lynn Lightfoot<\/td><td>The river sleeps beneath the sky<\/td><\/tr><tr><td>Ola Gjeilo<\/td><td>Autumn<\/td><\/tr><tr><td>Martin V\u00f6llinger<\/td><td>Nightwind Lullaby<\/td><\/tr><tr><td><\/td><td><\/td><\/tr><\/tbody><\/table><\/figure>\n<\/div>\n","protected":false},"excerpt":{"rendered":"<p>Il est volontairement tr\u00e8s vari\u00e9, permettant de visiter les \u00e9poques, les styles et les pays . . .En voici un aper\u00e7u : Renaissance Giovanni Croce Cantate Domino Tom\u00e0s Luis de Victoria O vos omnes Hans Leo Hassler Dixit Maria Antonio Scandella Bonzorno Madonna Jan Campanus Vodnansky Rorando coeli (double ch\u0153ur) Jacob Handl Duo seraphim (double [&hellip;]<\/p>\n","protected":false},"author":1,"featured_media":0,"parent":0,"menu_order":0,"comment_status":"closed","ping_status":"closed","template":"","meta":{"_themeisle_gutenberg_block_has_review":false,"footnotes":""},"class_list":["post-301","page","type-page","status-publish","hentry"],"_links":{"self":[{"href":"https:\/\/www.laclefauxchamps.com\/index.php\/wp-json\/wp\/v2\/pages\/301","targetHints":{"allow":["GET"]}}],"collection":[{"href":"https:\/\/www.laclefauxchamps.com\/index.php\/wp-json\/wp\/v2\/pages"}],"about":[{"href":"https:\/\/www.laclefauxchamps.com\/index.php\/wp-json\/wp\/v2\/types\/page"}],"author":[{"embeddable":true,"href":"https:\/\/www.laclefauxchamps.com\/index.php\/wp-json\/wp\/v2\/users\/1"}],"replies":[{"embeddable":true,"href":"https:\/\/www.laclefauxchamps.com\/index.php\/wp-json\/wp\/v2\/comments?post=301"}],"version-history":[{"count":10,"href":"https:\/\/www.laclefauxchamps.com\/index.php\/wp-json\/wp\/v2\/pages\/301\/revisions"}],"predecessor-version":[{"id":508,"href":"https:\/\/www.laclefauxchamps.com\/index.php\/wp-json\/wp\/v2\/pages\/301\/revisions\/508"}],"wp:attachment":[{"href":"https:\/\/www.laclefauxchamps.com\/index.php\/wp-json\/wp\/v2\/media?parent=301"}],"curies":[{"name":"wp","href":"https:\/\/api.w.org\/{rel}","templated":true}]}}