{"id":296,"date":"2025-04-22T23:13:42","date_gmt":"2025-04-22T21:13:42","guid":{"rendered":"https:\/\/www.laclefauxchamps.com\/?page_id=296"},"modified":"2026-03-13T09:47:20","modified_gmt":"2026-03-13T08:47:20","slug":"qui-sommes-nous","status":"publish","type":"page","link":"https:\/\/www.laclefauxchamps.com\/index.php\/qui-sommes-nous\/","title":{"rendered":"Qui sommes nous ?"},"content":{"rendered":"\n<p>La Clef aux Champs est une chorale ind\u00e9pendante et la\u00efque, qui fonctionne en association loi 1901.<br>Elle est dirig\u00e9e par un conseil d\u2019administration \u00e9lu en assembl\u00e9e g\u00e9n\u00e9rale qui se tient chaque ann\u00e9e en janvier.<\/p>\n\n\n\n<p>Son si\u00e8ge est \u00e0 la <strong>Mairie de Lhomme (72340)<\/strong>.<\/p>\n\n\n\n<p>Lors de sa cr\u00e9ation, en 1999, l\u2019association eut pour ambition de d\u00e9velopper l\u2019int\u00e9r\u00eat pour la musique en milieu rural. Pour cela, elle cr\u00e9a un atelier d\u2019\u00e9veil musical, une chorale enfants, un atelier de fl\u00fbtes \u00e0 bec pour les jeunes, puis d\u00e8s octobre une chorale adultes. Progressivement ces activit\u00e9s sont propos\u00e9es \u00e0 l\u2019\u00e9cole de musique. L\u2019association ne conserve alors que la chorale adultes.<br><\/p>\n\n\n\n<div class=\"wp-block-group has-ti-fg-color has-ti-bg-alt-background-color has-text-color has-background has-link-color wp-elements-62ea1d853f2da34c45c161aec31f80f1 is-layout-constrained wp-block-group-is-layout-constrained\" style=\"border-radius:16px\">\n<div class=\"wp-block-group is-content-justification-center is-layout-constrained wp-block-group-is-layout-constrained\">\n<h2 class=\"wp-block-heading\">Les choristes<\/h2>\n\n\n\n<p>En janvier 2026, nous sommes 44 choristes \u2013 29 femmes et 15 hommes &#8211; li\u00e9s par le plaisir de chanter ensemble. Nous venons des vall\u00e9es et des coteaux de part et d&rsquo;autre du Loir. Nous sommes tous des amateurs, d\u00e9sirant apprendre et progresser ensemble.<br><br><strong>Il n&rsquo;y a pas d&rsquo;audition<\/strong> pour int\u00e9grer la chorale. La connaissance du solf\u00e8ge n\u2019est pas obligatoire. Une aide individualis\u00e9e est propos\u00e9e par la cheffe de ch\u0153ur aux nouveaux choristes qui le souhaitent. Un enregistrement des morceaux \u00e9tudi\u00e9s, par pupitre, est mis \u00e0 disposition de chaque choriste.<br><br>Une adh\u00e9sion annuelle de 10\u20ac est vers\u00e9e \u00e0 la rentr\u00e9e de septembre. <br>Les cotisations trimestrielles sont de 45\u20ac &#8211; 78\u20ac pour un couple.<br><br>Faisant partie d\u2019un ensemble, chaque choriste s\u2019engage \u00e0 \u00eatre pr\u00e9sent aux r\u00e9p\u00e9titions et aux concerts.<\/p>\n<\/div>\n\n\n\n<figure class=\"wp-block-gallery has-nested-images columns-3 is-cropped wp-block-gallery-1 is-layout-flex wp-block-gallery-is-layout-flex\">\n<figure class=\"wp-block-image size-full\"><img loading=\"lazy\" decoding=\"async\" width=\"1920\" height=\"1280\" data-id=\"334\" src=\"https:\/\/www.laclefauxchamps.com\/wp-content\/uploads\/2025\/04\/Choristes2.jpeg\" alt=\"\" class=\"wp-image-334\" srcset=\"https:\/\/www.laclefauxchamps.com\/wp-content\/uploads\/2025\/04\/Choristes2.jpeg 1920w, https:\/\/www.laclefauxchamps.com\/wp-content\/uploads\/2025\/04\/Choristes2-300x200.jpeg 300w, https:\/\/www.laclefauxchamps.com\/wp-content\/uploads\/2025\/04\/Choristes2-1024x683.jpeg 1024w, https:\/\/www.laclefauxchamps.com\/wp-content\/uploads\/2025\/04\/Choristes2-768x512.jpeg 768w, https:\/\/www.laclefauxchamps.com\/wp-content\/uploads\/2025\/04\/Choristes2-1536x1024.jpeg 1536w\" sizes=\"auto, (max-width: 1920px) 100vw, 1920px\" \/><\/figure>\n\n\n\n<figure class=\"wp-block-image size-full\"><img loading=\"lazy\" decoding=\"async\" width=\"1920\" height=\"1441\" data-id=\"333\" src=\"https:\/\/www.laclefauxchamps.com\/wp-content\/uploads\/2025\/04\/Choristes3.jpg\" alt=\"\" class=\"wp-image-333\" srcset=\"https:\/\/www.laclefauxchamps.com\/wp-content\/uploads\/2025\/04\/Choristes3.jpg 1920w, https:\/\/www.laclefauxchamps.com\/wp-content\/uploads\/2025\/04\/Choristes3-300x225.jpg 300w, https:\/\/www.laclefauxchamps.com\/wp-content\/uploads\/2025\/04\/Choristes3-1024x769.jpg 1024w, https:\/\/www.laclefauxchamps.com\/wp-content\/uploads\/2025\/04\/Choristes3-768x576.jpg 768w, https:\/\/www.laclefauxchamps.com\/wp-content\/uploads\/2025\/04\/Choristes3-1536x1153.jpg 1536w\" sizes=\"auto, (max-width: 1920px) 100vw, 1920px\" \/><\/figure>\n\n\n\n<figure class=\"wp-block-image size-full\"><img loading=\"lazy\" decoding=\"async\" width=\"1920\" height=\"1280\" data-id=\"332\" src=\"https:\/\/www.laclefauxchamps.com\/wp-content\/uploads\/2025\/04\/Choristes1.jpeg\" alt=\"\" class=\"wp-image-332\" srcset=\"https:\/\/www.laclefauxchamps.com\/wp-content\/uploads\/2025\/04\/Choristes1.jpeg 1920w, https:\/\/www.laclefauxchamps.com\/wp-content\/uploads\/2025\/04\/Choristes1-300x200.jpeg 300w, https:\/\/www.laclefauxchamps.com\/wp-content\/uploads\/2025\/04\/Choristes1-1024x683.jpeg 1024w, https:\/\/www.laclefauxchamps.com\/wp-content\/uploads\/2025\/04\/Choristes1-768x512.jpeg 768w, https:\/\/www.laclefauxchamps.com\/wp-content\/uploads\/2025\/04\/Choristes1-1536x1024.jpeg 1536w\" sizes=\"auto, (max-width: 1920px) 100vw, 1920px\" \/><\/figure>\n<\/figure>\n<\/div>\n\n\n\n<p>Les r\u00e9p\u00e9titions ont lieu <strong>tous les jeudis de 20h \u00e0 22h<\/strong> \u00e0 la salle des f\u00eates de Lhomme, du d\u00e9but septembre \u00e0 la fin juin. Des r\u00e9p\u00e9titions suppl\u00e9mentaires peuvent \u00eatre organis\u00e9es 1 ou 2 fois par an le samedi ou le dimanche.<\/p>\n\n\n\n<div class=\"wp-block-columns has-ti-fg-color has-ti-bg-alt-background-color has-text-color has-background has-link-color wp-elements-9f797f907324ad16acd2c7a41ed7d98a is-layout-flex wp-container-core-columns-is-layout-28f84493 wp-block-columns-is-layout-flex\" style=\"border-radius:16px\">\n<div class=\"wp-block-column is-vertically-aligned-center is-layout-flow wp-block-column-is-layout-flow\">\n<figure class=\"wp-block-image aligncenter size-large\"><img loading=\"lazy\" decoding=\"async\" width=\"1024\" height=\"804\" src=\"https:\/\/www.laclefauxchamps.com\/wp-content\/uploads\/2025\/04\/Marie_Claude-1024x804.jpg\" alt=\"\" class=\"wp-image-297\" srcset=\"https:\/\/www.laclefauxchamps.com\/wp-content\/uploads\/2025\/04\/Marie_Claude-1024x804.jpg 1024w, https:\/\/www.laclefauxchamps.com\/wp-content\/uploads\/2025\/04\/Marie_Claude-300x236.jpg 300w, https:\/\/www.laclefauxchamps.com\/wp-content\/uploads\/2025\/04\/Marie_Claude-768x603.jpg 768w, https:\/\/www.laclefauxchamps.com\/wp-content\/uploads\/2025\/04\/Marie_Claude.jpg 1072w\" sizes=\"auto, (max-width: 1024px) 100vw, 1024px\" \/><\/figure>\n<\/div>\n\n\n\n<div class=\"wp-block-column is-vertically-aligned-center is-layout-flow wp-block-column-is-layout-flow\">\n<p>En f\u00e9vrier 2026 le conseil d\u2019administration, compos\u00e9 de 12 membres \u00e9lus en assembl\u00e9e g\u00e9n\u00e9rale, a \u00e9lu le bureau suivant :<\/p>\n\n\n\n<p><br>Pr\u00e9sidente : Marie-Claude Planchet<br>Tr\u00e9sorier : Pierre Lanoue<br>Secr\u00e9taire : M-Claire Vandenhelsken<br>Tr\u00e9sorier-adjoint : Philippe Grud\u00e9<\/p>\n<\/div>\n<\/div>\n\n\n\n<h2 class=\"wp-block-heading\">Quelques moments de notre histoire<\/h2>\n\n\n\n<ul class=\"wp-block-list\">\n<li><strong>Les choristes<\/strong> : 3 femmes en octobre 1999, puis 12 \u00e0 l\u2019\u00e9t\u00e9 2000\u2026<br>Ch\u0153ur mixte \u00e0 4 voix \u00e0 partir de 2002\u2026<br>En janvier 2026, 44 membres, dont 15 hommes.<\/li>\n<\/ul>\n\n\n\n<ul class=\"wp-block-list\">\n<li><strong>130 concerts<\/strong>, dans le Sud-Sarthe, le Loir et Cher et l\u2019Indre et Loire.\n<ul class=\"wp-block-list\">\n<li>Chemin de chants \u00e0 la Providence de Ruill\u00e9 en <strong>2007<\/strong>, au Manoir de la Poissonni\u00e8re \u00e0 Couture en <strong>2009<\/strong> et <strong>2011<\/strong>\u2026<br><\/li>\n\n\n\n<li>Concerts \u00e0 la cath\u00e9drale du Mans en <strong>2007<\/strong> dans le cadre de la journ\u00e9e d\u2019art vocal sacr\u00e9 et \u00e0 l\u2019Abbaye de l\u2019Epau en <strong>2010<\/strong>, dans le cadre du Festival <br><\/li>\n\n\n\n<li>Voyages \u00e0 Syke en Allemagne, dans le cadre du Comit\u00e9 de jumelage du canton de la Chartre sur le Loir en <strong>2005<\/strong> et <strong>2009<\/strong><br><\/li>\n\n\n\n<li>Voyage en Angleterre en <strong>2013<\/strong> : concerts \u00e0 Salisbury et \u00e0 Westbury<br><\/li>\n\n\n\n<li>Echanges de chorales : Concerts partag\u00e9s avec Racan-Chante de Neuvy-le-Roi, la C\u00e9cilienne des Essarts, les Laurentides de Montoire, Arc en Ciel d\u2019Allonnes, Plurielles de Tours, les Poly\u2019sons de Berc\u00e9 et Chant\u2019Ecomm, le Bel Canto de Houssay\u2026<br><\/li>\n\n\n\n<li>Concerts au profit de Retina, du T\u00e9l\u00e9thon, du Rotary-Club, de la Ligue contre le cancer\u2026<br><\/li>\n\n\n\n<li><strong>Concerts<\/strong> dans les \u00e9glises de Couture et de la Chapelle-Gaugain, en 2024, en <strong>l\u2019honneur du po\u00e8te Pierre de Ronsard<\/strong>, \u00e0 l\u2019occasion du 500\u00e8me anniversaire de sa naissance : Concerts ponctu\u00e9s de morceaux de musique et de lecture de po\u00e8mes.<\/li>\n<\/ul>\n<\/li>\n<\/ul>\n\n\n\n<p>Jusqu\u2019en 2015, nous \u00e9tions accompagn\u00e9s au piano et \u00e0 l\u2019orgue par <strong>Brian Tewson<\/strong>.<br>Son d\u00e9c\u00e8s en mars 2015 nous a fortement marqu\u00e9s.<br>Nous avions v\u00e9cu ensemble tant de moments forts, nous avions partag\u00e9 tant de moments de bonheur, que nous ne pouvions que continuer et poursuivre la chorale, avec Katherine son \u00e9pouse, et en chantant a cappella.<\/p>\n\n\n\n<p>De septembre 2023 \u00e0 juillet 2025, nous sommes accompagn\u00e9s au piano par <strong>Nathalie Sigot.<\/strong><\/p>\n\n\n\n<p>A la rentr\u00e9e de septembre 2025, c&rsquo;est <strong>Philippe Bataille<\/strong>, organiste et pianiste, qui nous rejoints.<\/p>\n","protected":false},"excerpt":{"rendered":"<p>La Clef aux Champs est une chorale ind\u00e9pendante et la\u00efque, qui fonctionne en association loi 1901.Elle est dirig\u00e9e par un conseil d\u2019administration \u00e9lu en assembl\u00e9e g\u00e9n\u00e9rale qui se tient chaque ann\u00e9e en janvier. Son si\u00e8ge est \u00e0 la Mairie de Lhomme (72340). Lors de sa cr\u00e9ation, en 1999, l\u2019association eut pour ambition de d\u00e9velopper l\u2019int\u00e9r\u00eat [&hellip;]<\/p>\n","protected":false},"author":1,"featured_media":0,"parent":0,"menu_order":0,"comment_status":"closed","ping_status":"closed","template":"","meta":{"_themeisle_gutenberg_block_has_review":false,"footnotes":""},"class_list":["post-296","page","type-page","status-publish","hentry"],"_links":{"self":[{"href":"https:\/\/www.laclefauxchamps.com\/index.php\/wp-json\/wp\/v2\/pages\/296","targetHints":{"allow":["GET"]}}],"collection":[{"href":"https:\/\/www.laclefauxchamps.com\/index.php\/wp-json\/wp\/v2\/pages"}],"about":[{"href":"https:\/\/www.laclefauxchamps.com\/index.php\/wp-json\/wp\/v2\/types\/page"}],"author":[{"embeddable":true,"href":"https:\/\/www.laclefauxchamps.com\/index.php\/wp-json\/wp\/v2\/users\/1"}],"replies":[{"embeddable":true,"href":"https:\/\/www.laclefauxchamps.com\/index.php\/wp-json\/wp\/v2\/comments?post=296"}],"version-history":[{"count":19,"href":"https:\/\/www.laclefauxchamps.com\/index.php\/wp-json\/wp\/v2\/pages\/296\/revisions"}],"predecessor-version":[{"id":519,"href":"https:\/\/www.laclefauxchamps.com\/index.php\/wp-json\/wp\/v2\/pages\/296\/revisions\/519"}],"wp:attachment":[{"href":"https:\/\/www.laclefauxchamps.com\/index.php\/wp-json\/wp\/v2\/media?parent=296"}],"curies":[{"name":"wp","href":"https:\/\/api.w.org\/{rel}","templated":true}]}}